{"id":905,"date":"2023-02-25T14:08:36","date_gmt":"2023-02-25T13:08:36","guid":{"rendered":"http:\/\/ola.grawerstwo.pl\/?page_id=905"},"modified":"2023-03-21T19:51:30","modified_gmt":"2023-03-21T18:51:30","slug":"elementor-905","status":"publish","type":"page","link":"https:\/\/ola.grawerstwo.pl\/index.php\/elementor-905\/","title":{"rendered":"Elementor #905"},"content":{"rendered":"\t\t<div data-elementor-type=\"wp-page\" data-elementor-id=\"905\" class=\"elementor elementor-905\">\n\t\t\t\t\t\t\t\t\t<section class=\"elementor-section elementor-top-section elementor-element elementor-element-95a6a90 elementor-section-content-middle elementor-section-boxed elementor-section-height-default elementor-section-height-default\" data-id=\"95a6a90\" data-element_type=\"section\">\n\t\t\t\t\t\t<div class=\"elementor-container elementor-column-gap-no\">\n\t\t\t\t\t<div class=\"elementor-column elementor-col-100 elementor-top-column elementor-element elementor-element-6f235aa7\" data-id=\"6f235aa7\" data-element_type=\"column\">\n\t\t\t<div class=\"elementor-widget-wrap elementor-element-populated\">\n\t\t\t\t\t\t\t\t<div class=\"elementor-element elementor-element-56f08a2c elementor-widget elementor-widget-heading\" data-id=\"56f08a2c\" data-element_type=\"widget\" data-widget_type=\"heading.default\">\n\t\t\t\t<div class=\"elementor-widget-container\">\n\t\t\t<style>\/*! elementor - v3.18.0 - 20-12-2023 *\/\n.elementor-heading-title{padding:0;margin:0;line-height:1}.elementor-widget-heading .elementor-heading-title[class*=elementor-size-]>a{color:inherit;font-size:inherit;line-height:inherit}.elementor-widget-heading .elementor-heading-title.elementor-size-small{font-size:15px}.elementor-widget-heading .elementor-heading-title.elementor-size-medium{font-size:19px}.elementor-widget-heading .elementor-heading-title.elementor-size-large{font-size:29px}.elementor-widget-heading .elementor-heading-title.elementor-size-xl{font-size:39px}.elementor-widget-heading .elementor-heading-title.elementor-size-xxl{font-size:59px}<\/style><h2 class=\"elementor-heading-title elementor-size-default\">Cennik<\/h2>\t\t<\/div>\n\t\t\t\t<\/div>\n\t\t\t\t<section class=\"elementor-section elementor-inner-section elementor-element elementor-element-748adbaa elementor-section-boxed elementor-section-height-default elementor-section-height-default\" data-id=\"748adbaa\" data-element_type=\"section\">\n\t\t\t\t\t\t<div class=\"elementor-container elementor-column-gap-wider\">\n\t\t\t\t\t<div class=\"elementor-column elementor-col-50 elementor-inner-column elementor-element elementor-element-7b1c183b\" data-id=\"7b1c183b\" data-element_type=\"column\">\n\t\t\t<div class=\"elementor-widget-wrap elementor-element-populated\">\n\t\t\t\t\t\t\t\t<div class=\"elementor-element elementor-element-6da27221 elementor-view-stacked elementor-shape-circle elementor-position-top elementor-mobile-position-top elementor-widget elementor-widget-icon-box\" data-id=\"6da27221\" data-element_type=\"widget\" data-widget_type=\"icon-box.default\">\n\t\t\t\t<div class=\"elementor-widget-container\">\n\t\t\t<link rel=\"stylesheet\" href=\"http:\/\/ola.grawerstwo.pl\/wp-content\/plugins\/elementor\/assets\/css\/widget-icon-box.min.css\">\t\t<div class=\"elementor-icon-box-wrapper\">\n\t\t\t\t\t\t<div class=\"elementor-icon-box-icon\">\n\t\t\t\t<a href=\"http:\/\/ola.grawerstwo.pl\/index.php\/elementor-648\/\" class=\"elementor-icon elementor-animation-grow\" tabindex=\"-1\">\n\t\t\t\t<i aria-hidden=\"true\" class=\"fas fa-paw\"><\/i>\t\t\t\t<\/a>\n\t\t\t<\/div>\n\t\t\t\t\t\t<div class=\"elementor-icon-box-content\">\n\t\t\t\t<h3 class=\"elementor-icon-box-title\">\n\t\t\t\t\t<a href=\"http:\/\/ola.grawerstwo.pl\/index.php\/elementor-648\/\" >\n\t\t\t\t\t\tIdentyfikator wykonany ze stali nierdzewnej 1 mm:<br>\n\t\t\t\t\t<\/a>\n\t\t\t\t<\/h3>\n\t\t\t\t\t\t\t\t\t<p class=\"elementor-icon-box-description\">\n\t\t\t\t\t\t<span style=\"caret-color: rgb(161, 2, 2); color: rgb(161, 2, 2); font-family: &quot;Didact Gothic&quot;, sans-serif; font-size: 20px; font-style: normal; font-variant-caps: normal; letter-spacing: 0.2px; text-align: left;\">grawerunek jednostronny<\/span><b style=\"font-variant-caps: normal; font-family: &quot;Didact Gothic&quot;, sans-serif; font-size: 20px; font-style: normal; caret-color: rgb(161, 2, 2); color: rgb(161, 2, 2); letter-spacing: 0.2px; text-align: left;\"> 43 z\u0142<\/b><br><br><span style=\"caret-color: rgb(161, 2, 2); color: rgb(161, 2, 2); font-family: &quot;Didact Gothic&quot;, sans-serif; font-size: 20px; font-style: normal; font-variant-caps: normal; letter-spacing: 0.2px; text-align: left;\">grawerunek dwustronny <\/span><b style=\"font-variant-caps: normal; font-family: &quot;Didact Gothic&quot;, sans-serif; font-size: 20px; font-style: normal; caret-color: rgb(161, 2, 2); color: rgb(161, 2, 2); letter-spacing: 0.2px; text-align: left;\"> 61 z\u0142<\/b><span style=\"caret-color: rgb(161, 2, 2); color: rgb(161, 2, 2); font-family: &quot;Didact Gothic&quot;, sans-serif; font-size: 20px; font-style: normal; font-variant-caps: normal; letter-spacing: 0.2px; text-align: left;\"><\/span><br>\t\t\t\t\t<\/p>\n\t\t\t\t\t\t\t<\/div>\n\t\t<\/div>\n\t\t\t\t<\/div>\n\t\t\t\t<\/div>\n\t\t\t\t<div class=\"elementor-element elementor-element-d4a54a7 elementor-view-stacked elementor-shape-circle elementor-position-top elementor-mobile-position-top elementor-widget elementor-widget-icon-box\" data-id=\"d4a54a7\" data-element_type=\"widget\" data-widget_type=\"icon-box.default\">\n\t\t\t\t<div class=\"elementor-widget-container\">\n\t\t\t\t\t<div class=\"elementor-icon-box-wrapper\">\n\t\t\t\t\t\t<div class=\"elementor-icon-box-icon\">\n\t\t\t\t<a href=\"http:\/\/ola.grawerstwo.pl\/index.php\/elementor-661\/\" class=\"elementor-icon elementor-animation-grow\" tabindex=\"-1\">\n\t\t\t\t<i aria-hidden=\"true\" class=\"fas fa-paw\"><\/i>\t\t\t\t<\/a>\n\t\t\t<\/div>\n\t\t\t\t\t\t<div class=\"elementor-icon-box-content\">\n\t\t\t\t<h3 class=\"elementor-icon-box-title\">\n\t\t\t\t\t<a href=\"http:\/\/ola.grawerstwo.pl\/index.php\/elementor-661\/\" >\n\t\t\t\t\t\tIdentyfikator wykonany z aluminium anodowanego 2 mm:<br>\n\t\t\t\t\t<\/a>\n\t\t\t\t<\/h3>\n\t\t\t\t\t\t\t\t\t<p class=\"elementor-icon-box-description\">\n\t\t\t\t\t\t<b style=\"font-variant-caps: normal; font-family: &quot;Didact Gothic&quot;, sans-serif; font-size: 20px; font-style: normal; caret-color: rgb(161, 2, 2); color: rgb(161, 2, 2); letter-spacing: 0.2px; text-align: left; white-space: normal;\">12,30 z\u0142<\/b><span style=\"caret-color: rgb(161, 2, 2); color: rgb(161, 2, 2); font-family: &quot;Didact Gothic&quot;, sans-serif; font-size: 20px; font-style: normal; font-variant-caps: normal; letter-spacing: 0.2px; text-align: left; white-space: normal;\">&nbsp;za materia\u0142 +&nbsp;<\/span><b style=\"font-variant-caps: normal; font-family: &quot;Didact Gothic&quot;, sans-serif; font-size: 20px; font-style: normal; caret-color: rgb(161, 2, 2); color: rgb(161, 2, 2); letter-spacing: 0.2px; text-align: left; white-space: normal;\">2,46 z\u0142<\/b><span style=\"caret-color: rgb(161, 2, 2); color: rgb(161, 2, 2); font-family: &quot;Didact Gothic&quot;, sans-serif; font-size: 20px; font-style: normal; font-variant-caps: normal; letter-spacing: 0.2px; text-align: left; white-space: normal;\">&nbsp;za ka\u017cdy znak grawerowany (litera, cyfra)<\/span><br><br><span style=\"caret-color: rgb(161, 2, 2); color: rgb(161, 2, 2); font-family: &quot;Didact Gothic&quot;, sans-serif; font-size: 20px; font-style: normal; font-variant-caps: normal; letter-spacing: 0.2px; text-align: left; white-space: normal;\">opcja dodatkowa: wype\u0142nienie grawerunku kolorem za ka\u017cd\u0105 stron\u0119&nbsp;<\/span><b style=\"font-variant-caps: normal; font-family: &quot;Didact Gothic&quot;, sans-serif; font-size: 20px; font-style: normal; caret-color: rgb(161, 2, 2); color: rgb(161, 2, 2); letter-spacing: 0.2px; text-align: left; white-space: normal;\">12,30 z\u0142<\/b><span style=\"caret-color: rgb(161, 2, 2); color: rgb(161, 2, 2); font-family: &quot;Didact Gothic&quot;, sans-serif; font-size: 20px; font-style: normal; font-variant-caps: normal; letter-spacing: 0.2px; text-align: left; white-space: normal;\"><\/span><br>\t\t\t\t\t<\/p>\n\t\t\t\t\t\t\t<\/div>\n\t\t<\/div>\n\t\t\t\t<\/div>\n\t\t\t\t<\/div>\n\t\t\t\t\t<\/div>\n\t\t<\/div>\n\t\t\t\t<div class=\"elementor-column elementor-col-50 elementor-inner-column elementor-element elementor-element-1d1ad68f\" data-id=\"1d1ad68f\" data-element_type=\"column\">\n\t\t\t<div class=\"elementor-widget-wrap elementor-element-populated\">\n\t\t\t\t\t\t\t\t<div class=\"elementor-element elementor-element-9ddff09 elementor-view-stacked elementor-shape-circle elementor-position-top elementor-mobile-position-top elementor-widget elementor-widget-icon-box\" data-id=\"9ddff09\" data-element_type=\"widget\" data-widget_type=\"icon-box.default\">\n\t\t\t\t<div class=\"elementor-widget-container\">\n\t\t\t\t\t<div class=\"elementor-icon-box-wrapper\">\n\t\t\t\t\t\t<div class=\"elementor-icon-box-icon\">\n\t\t\t\t<a href=\"http:\/\/ola.grawerstwo.pl\/index.php\/elementor-667\/\" class=\"elementor-icon elementor-animation-grow\" tabindex=\"-1\">\n\t\t\t\t<i aria-hidden=\"true\" class=\"fas fa-paw\"><\/i>\t\t\t\t<\/a>\n\t\t\t<\/div>\n\t\t\t\t\t\t<div class=\"elementor-icon-box-content\">\n\t\t\t\t<h3 class=\"elementor-icon-box-title\">\n\t\t\t\t\t<a href=\"http:\/\/ola.grawerstwo.pl\/index.php\/elementor-667\/\" >\n\t\t\t\t\t\tBreloczek wykonany ze stali nierdzewnej 1 mm:<br>\n\t\t\t\t\t<\/a>\n\t\t\t\t<\/h3>\n\t\t\t\t\t\t\t\t\t<p class=\"elementor-icon-box-description\">\n\t\t\t\t\t\t<span style=\"font-variant-caps: normal; font-family: &quot;Didact Gothic&quot;, sans-serif; font-size: 20px; font-style: normal; caret-color: rgb(161, 2, 2); color: rgb(161, 2, 2); letter-spacing: 0.2px; text-align: left;\">grawerunek jednostronny <b style=\"font-size: 20px;\">43 z\u0142<\/b><\/span><br><br><span style=\"font-variant-caps: normal; font-family: &quot;Didact Gothic&quot;, sans-serif; font-size: 20px; font-style: normal; caret-color: rgb(161, 2, 2); color: rgb(161, 2, 2); letter-spacing: 0.2px; text-align: left;\">grawerunek dwustronny <b style=\"font-size: 20px;\"> 61 z\u0142<\/b><\/span><b style=\"font-variant-caps: normal; font-family: &quot;Didact Gothic&quot;, sans-serif; font-size: 20px; font-style: normal; caret-color: rgb(161, 2, 2); color: rgb(161, 2, 2); letter-spacing: 0.2px; text-align: left;\"><span style=\"font-variant-caps: normal; font-family: &quot;Didact Gothic&quot;, sans-serif; font-size: 20px; font-style: normal; letter-spacing: 0.2px;\"><\/span><\/b><span style=\"caret-color: rgb(161, 2, 2); color: rgb(161, 2, 2); font-family: &quot;Didact Gothic&quot;, sans-serif; font-size: 20px; font-style: normal; font-variant-caps: normal; letter-spacing: 0.2px; text-align: left;\"><\/span>\t\t\t\t\t<\/p>\n\t\t\t\t\t\t\t<\/div>\n\t\t<\/div>\n\t\t\t\t<\/div>\n\t\t\t\t<\/div>\n\t\t\t\t<div class=\"elementor-element elementor-element-4dcbb603 elementor-view-stacked elementor-shape-circle elementor-position-top elementor-mobile-position-top elementor-widget elementor-widget-icon-box\" data-id=\"4dcbb603\" data-element_type=\"widget\" data-widget_type=\"icon-box.default\">\n\t\t\t\t<div class=\"elementor-widget-container\">\n\t\t\t\t\t<div class=\"elementor-icon-box-wrapper\">\n\t\t\t\t\t\t<div class=\"elementor-icon-box-icon\">\n\t\t\t\t<a href=\"http:\/\/ola.grawerstwo.pl\/index.php\/elementor-655\/\" class=\"elementor-icon elementor-animation-grow\" tabindex=\"-1\">\n\t\t\t\t<i aria-hidden=\"true\" class=\"fas fa-paw\"><\/i>\t\t\t\t<\/a>\n\t\t\t<\/div>\n\t\t\t\t\t\t<div class=\"elementor-icon-box-content\">\n\t\t\t\t<h3 class=\"elementor-icon-box-title\">\n\t\t\t\t\t<a href=\"http:\/\/ola.grawerstwo.pl\/index.php\/elementor-655\/\" >\n\t\t\t\t\t\tIdentyfikator wykonany z aluminium anodowanego 1 mm:<br>\n\t\t\t\t\t<\/a>\n\t\t\t\t<\/h3>\n\t\t\t\t\t\t\t\t\t<p class=\"elementor-icon-box-description\">\n\t\t\t\t\t\t<span style=\"caret-color: rgb(161, 2, 2); color: rgb(161, 2, 2); font-family: &quot;Didact Gothic&quot;, sans-serif; font-size: 20px; font-style: normal; font-variant-caps: normal; letter-spacing: 0.2px; text-align: left; white-space: normal;\">grawerunek jednostronny<\/span><b style=\"font-variant-caps: normal; font-family: &quot;Didact Gothic&quot;, sans-serif; font-size: 20px; font-style: normal; caret-color: rgb(161, 2, 2); color: rgb(161, 2, 2); letter-spacing: 0.2px; text-align: left; white-space: normal;\">&nbsp;25 z\u0142<\/b><br><br><span style=\"caret-color: rgb(161, 2, 2); color: rgb(161, 2, 2); font-family: &quot;Didact Gothic&quot;, sans-serif; font-size: 20px; font-style: normal; font-variant-caps: normal; letter-spacing: 0.2px; text-align: left; white-space: normal;\">grawerunek dwustronny&nbsp;<\/span><b style=\"font-variant-caps: normal; font-family: &quot;Didact Gothic&quot;, sans-serif; font-size: 20px; font-style: normal; caret-color: rgb(161, 2, 2); color: rgb(161, 2, 2); letter-spacing: 0.2px; text-align: left; white-space: normal;\">35 z\u0142<\/b><br><br><span style=\"caret-color: rgb(161, 2, 2); color: rgb(161, 2, 2); font-family: &quot;Didact Gothic&quot;, sans-serif; font-size: 20px; font-style: normal; font-variant-caps: normal; letter-spacing: 0.2px; text-align: left; white-space: normal;\">opcja dodatkowa: wype\u0142nienie grawerunku kolorem za ka\u017cd\u0105 stron\u0119&nbsp;<\/span><b style=\"font-variant-caps: normal; font-family: &quot;Didact Gothic&quot;, sans-serif; font-size: 20px; font-style: normal; caret-color: rgb(161, 2, 2); color: rgb(161, 2, 2); letter-spacing: 0.2px; text-align: left; white-space: normal;\">12,30 z\u0142&nbsp;<\/b><span style=\"caret-color: rgb(161, 2, 2); color: rgb(161, 2, 2); font-family: &quot;Didact Gothic&quot;, sans-serif; font-size: 20px; font-style: normal; font-variant-caps: normal; letter-spacing: 0.2px; text-align: left; white-space: normal;\"><\/span>\t\t\t\t\t<\/p>\n\t\t\t\t\t\t\t<\/div>\n\t\t<\/div>\n\t\t\t\t<\/div>\n\t\t\t\t<\/div>\n\t\t\t\t\t<\/div>\n\t\t<\/div>\n\t\t\t\t\t\t\t<\/div>\n\t\t<\/section>\n\t\t\t\t<section class=\"elementor-section elementor-inner-section elementor-element elementor-element-2578a6e elementor-section-boxed elementor-section-height-default elementor-section-height-default\" data-id=\"2578a6e\" data-element_type=\"section\">\n\t\t\t\t\t\t<div class=\"elementor-container elementor-column-gap-default\">\n\t\t\t\t\t<div class=\"elementor-column elementor-col-100 elementor-inner-column elementor-element elementor-element-abfbdca\" data-id=\"abfbdca\" data-element_type=\"column\">\n\t\t\t<div class=\"elementor-widget-wrap elementor-element-populated\">\n\t\t\t\t\t\t\t\t<div class=\"elementor-element elementor-element-2f8ab9a elementor-view-stacked elementor-shape-circle elementor-position-top elementor-mobile-position-top elementor-widget elementor-widget-icon-box\" data-id=\"2f8ab9a\" data-element_type=\"widget\" data-widget_type=\"icon-box.default\">\n\t\t\t\t<div class=\"elementor-widget-container\">\n\t\t\t\t\t<div class=\"elementor-icon-box-wrapper\">\n\t\t\t\t\t\t<div class=\"elementor-icon-box-icon\">\n\t\t\t\t<a href=\"http:\/\/ola.grawerstwo.pl\/index.php\/contact\/\" class=\"elementor-icon elementor-animation-grow\" tabindex=\"-1\">\n\t\t\t\t<i aria-hidden=\"true\" class=\"fas fa-paw\"><\/i>\t\t\t\t<\/a>\n\t\t\t<\/div>\n\t\t\t\t\t\t<div class=\"elementor-icon-box-content\">\n\t\t\t\t<h3 class=\"elementor-icon-box-title\">\n\t\t\t\t\t<a href=\"http:\/\/ola.grawerstwo.pl\/index.php\/contact\/\" >\n\t\t\t\t\t\tKoszty wysy\u0142ki:<br>\n\t\t\t\t\t<\/a>\n\t\t\t\t<\/h3>\n\t\t\t\t\t\t\t\t\t<p class=\"elementor-icon-box-description\">\n\t\t\t\t\t\t<b style=\"font-variant-caps: normal; font-family: &quot;Didact Gothic&quot;, sans-serif; font-size: 20px; font-style: normal; caret-color: rgb(161, 2, 2); color: rgb(161, 2, 2); letter-spacing: 0.2px; text-align: left; white-space: normal;\">&nbsp;wysy\u0142ka kurierska 20 z\u0142<\/b><br><br><font color=\"#a10202\" face=\"Didact Gothic, sans-serif\"><span style=\"caret-color: rgb(161, 2, 2); font-size: 20px; white-space: normal;\"><b>odbi\u00f3r osobisty 0,00 z\u0142&nbsp;<\/b><\/span><\/font><br><br><br>\t\t\t\t\t<\/p>\n\t\t\t\t\t\t\t<\/div>\n\t\t<\/div>\n\t\t\t\t<\/div>\n\t\t\t\t<\/div>\n\t\t\t\t\t<\/div>\n\t\t<\/div>\n\t\t\t\t\t\t\t<\/div>\n\t\t<\/section>\n\t\t\t\t\t<\/div>\n\t\t<\/div>\n\t\t\t\t\t\t\t<\/div>\n\t\t<\/section>\n\t\t\t\t\t\t\t<\/div>\n\t\t","protected":false},"excerpt":{"rendered":"<p>Cennik Identyfikator wykonany ze stali nierdzewnej 1 mm: grawerunek jednostronny 43 z\u0142 grawerunek dwustronny 61 z\u0142 Identyfikator wykonany z aluminium anodowanego 2 mm: 12,30 z\u0142&nbsp;za materia\u0142 +&nbsp;2,46 z\u0142&nbsp;za ka\u017cdy znak grawerowany (litera, cyfra) opcja dodatkowa: wype\u0142nienie grawerunku kolorem za ka\u017cd\u0105 stron\u0119&nbsp;12,30 z\u0142 Breloczek wykonany ze stali nierdzewnej 1 mm: grawerunek jednostronny 43 z\u0142 grawerunek dwustronny [&hellip;]<\/p>\n","protected":false},"author":1,"featured_media":0,"parent":0,"menu_order":0,"comment_status":"closed","ping_status":"closed","template":"","meta":{"ocean_post_layout":"","ocean_both_sidebars_style":"","ocean_both_sidebars_content_width":0,"ocean_both_sidebars_sidebars_width":0,"ocean_sidebar":"0","ocean_second_sidebar":"0","ocean_disable_margins":"enable","ocean_add_body_class":"","ocean_shortcode_before_top_bar":"","ocean_shortcode_after_top_bar":"","ocean_shortcode_before_header":"","ocean_shortcode_after_header":"","ocean_has_shortcode":"","ocean_shortcode_after_title":"","ocean_shortcode_before_footer_widgets":"","ocean_shortcode_after_footer_widgets":"","ocean_shortcode_before_footer_bottom":"","ocean_shortcode_after_footer_bottom":"","ocean_display_top_bar":"default","ocean_display_header":"default","ocean_header_style":"","ocean_center_header_left_menu":"0","ocean_custom_header_template":"0","ocean_custom_logo":0,"ocean_custom_retina_logo":0,"ocean_custom_logo_max_width":0,"ocean_custom_logo_tablet_max_width":0,"ocean_custom_logo_mobile_max_width":0,"ocean_custom_logo_max_height":0,"ocean_custom_logo_tablet_max_height":0,"ocean_custom_logo_mobile_max_height":0,"ocean_header_custom_menu":"0","ocean_menu_typo_font_family":"0","ocean_menu_typo_font_subset":"","ocean_menu_typo_font_size":0,"ocean_menu_typo_font_size_tablet":0,"ocean_menu_typo_font_size_mobile":0,"ocean_menu_typo_font_size_unit":"px","ocean_menu_typo_font_weight":"","ocean_menu_typo_font_weight_tablet":"","ocean_menu_typo_font_weight_mobile":"","ocean_menu_typo_transform":"","ocean_menu_typo_transform_tablet":"","ocean_menu_typo_transform_mobile":"","ocean_menu_typo_line_height":0,"ocean_menu_typo_line_height_tablet":0,"ocean_menu_typo_line_height_mobile":0,"ocean_menu_typo_line_height_unit":"","ocean_menu_typo_spacing":0,"ocean_menu_typo_spacing_tablet":0,"ocean_menu_typo_spacing_mobile":0,"ocean_menu_typo_spacing_unit":"","ocean_menu_link_color":"","ocean_menu_link_color_hover":"","ocean_menu_link_color_active":"","ocean_menu_link_background":"","ocean_menu_link_hover_background":"","ocean_menu_link_active_background":"","ocean_menu_social_links_bg":"","ocean_menu_social_hover_links_bg":"","ocean_menu_social_links_color":"","ocean_menu_social_hover_links_color":"","ocean_disable_title":"default","ocean_disable_heading":"default","ocean_post_title":"","ocean_post_subheading":"","ocean_post_title_style":"","ocean_post_title_background_color":"","ocean_post_title_background":0,"ocean_post_title_bg_image_position":"","ocean_post_title_bg_image_attachment":"","ocean_post_title_bg_image_repeat":"","ocean_post_title_bg_image_size":"","ocean_post_title_height":0,"ocean_post_title_bg_overlay":0.5,"ocean_post_title_bg_overlay_color":"","ocean_disable_breadcrumbs":"default","ocean_breadcrumbs_color":"","ocean_breadcrumbs_separator_color":"","ocean_breadcrumbs_links_color":"","ocean_breadcrumbs_links_hover_color":"","ocean_display_footer_widgets":"default","ocean_display_footer_bottom":"default","ocean_custom_footer_template":"0","footnotes":""},"class_list":["post-905","page","type-page","status-publish","hentry","entry"],"amp_enabled":true,"_links":{"self":[{"href":"https:\/\/ola.grawerstwo.pl\/index.php\/wp-json\/wp\/v2\/pages\/905","targetHints":{"allow":["GET"]}}],"collection":[{"href":"https:\/\/ola.grawerstwo.pl\/index.php\/wp-json\/wp\/v2\/pages"}],"about":[{"href":"https:\/\/ola.grawerstwo.pl\/index.php\/wp-json\/wp\/v2\/types\/page"}],"author":[{"embeddable":true,"href":"https:\/\/ola.grawerstwo.pl\/index.php\/wp-json\/wp\/v2\/users\/1"}],"replies":[{"embeddable":true,"href":"https:\/\/ola.grawerstwo.pl\/index.php\/wp-json\/wp\/v2\/comments?post=905"}],"version-history":[{"count":49,"href":"https:\/\/ola.grawerstwo.pl\/index.php\/wp-json\/wp\/v2\/pages\/905\/revisions"}],"predecessor-version":[{"id":1607,"href":"https:\/\/ola.grawerstwo.pl\/index.php\/wp-json\/wp\/v2\/pages\/905\/revisions\/1607"}],"wp:attachment":[{"href":"https:\/\/ola.grawerstwo.pl\/index.php\/wp-json\/wp\/v2\/media?parent=905"}],"curies":[{"name":"wp","href":"https:\/\/api.w.org\/{rel}","templated":true}]}}