{"id":911,"date":"2023-02-25T14:18:43","date_gmt":"2023-02-25T13:18:43","guid":{"rendered":"http:\/\/ola.grawerstwo.pl\/?page_id=911"},"modified":"2023-03-28T13:11:09","modified_gmt":"2023-03-28T11:11:09","slug":"polityka-prywatnosci","status":"publish","type":"page","link":"https:\/\/ola.grawerstwo.pl\/index.php\/polityka-prywatnosci\/","title":{"rendered":"Polityka prywatno\u015bci"},"content":{"rendered":"\t\t<div data-elementor-type=\"wp-page\" data-elementor-id=\"911\" class=\"elementor elementor-911\">\n\t\t\t\t\t\t\t\t\t<section class=\"elementor-section elementor-top-section elementor-element elementor-element-dabedf6 elementor-section-boxed elementor-section-height-default elementor-section-height-default\" data-id=\"dabedf6\" data-element_type=\"section\">\n\t\t\t\t\t\t<div class=\"elementor-container elementor-column-gap-default\">\n\t\t\t\t\t<div class=\"elementor-column elementor-col-100 elementor-top-column elementor-element elementor-element-076fe6c\" data-id=\"076fe6c\" data-element_type=\"column\">\n\t\t\t<div class=\"elementor-widget-wrap elementor-element-populated\">\n\t\t\t\t\t\t\t\t<div class=\"elementor-element elementor-element-35f45ce elementor-widget elementor-widget-heading\" data-id=\"35f45ce\" data-element_type=\"widget\" data-widget_type=\"heading.default\">\n\t\t\t\t<div class=\"elementor-widget-container\">\n\t\t\t<style>\/*! elementor - v3.18.0 - 20-12-2023 *\/\n.elementor-heading-title{padding:0;margin:0;line-height:1}.elementor-widget-heading .elementor-heading-title[class*=elementor-size-]>a{color:inherit;font-size:inherit;line-height:inherit}.elementor-widget-heading .elementor-heading-title.elementor-size-small{font-size:15px}.elementor-widget-heading .elementor-heading-title.elementor-size-medium{font-size:19px}.elementor-widget-heading .elementor-heading-title.elementor-size-large{font-size:29px}.elementor-widget-heading .elementor-heading-title.elementor-size-xl{font-size:39px}.elementor-widget-heading .elementor-heading-title.elementor-size-xxl{font-size:59px}<\/style><h2 class=\"elementor-heading-title elementor-size-default\">Polityka prywatno\u015bci<\/h2>\t\t<\/div>\n\t\t\t\t<\/div>\n\t\t\t\t\t<\/div>\n\t\t<\/div>\n\t\t\t\t\t\t\t<\/div>\n\t\t<\/section>\n\t\t\t\t<section class=\"elementor-section elementor-top-section elementor-element elementor-element-4220e32 elementor-section-boxed elementor-section-height-default elementor-section-height-default\" data-id=\"4220e32\" data-element_type=\"section\">\n\t\t\t\t\t\t<div class=\"elementor-container elementor-column-gap-default\">\n\t\t\t\t\t<div class=\"elementor-column elementor-col-100 elementor-top-column elementor-element elementor-element-4b27a3f\" data-id=\"4b27a3f\" data-element_type=\"column\">\n\t\t\t<div class=\"elementor-widget-wrap elementor-element-populated\">\n\t\t\t\t\t\t\t\t<div class=\"elementor-element elementor-element-6f41508 elementor-widget elementor-widget-text-editor\" data-id=\"6f41508\" data-element_type=\"widget\" data-widget_type=\"text-editor.default\">\n\t\t\t\t<div class=\"elementor-widget-container\">\n\t\t\t<style>\/*! elementor - v3.18.0 - 20-12-2023 *\/\n.elementor-widget-text-editor.elementor-drop-cap-view-stacked .elementor-drop-cap{background-color:#69727d;color:#fff}.elementor-widget-text-editor.elementor-drop-cap-view-framed .elementor-drop-cap{color:#69727d;border:3px solid;background-color:transparent}.elementor-widget-text-editor:not(.elementor-drop-cap-view-default) .elementor-drop-cap{margin-top:8px}.elementor-widget-text-editor:not(.elementor-drop-cap-view-default) .elementor-drop-cap-letter{width:1em;height:1em}.elementor-widget-text-editor .elementor-drop-cap{float:left;text-align:center;line-height:1;font-size:50px}.elementor-widget-text-editor .elementor-drop-cap-letter{display:inline-block}<\/style>\t\t\t\t<p style=\"margin-right: 0cm; margin-left: 0cm; font-size: medium; font-family: 'Times New Roman', serif; caret-color: #000000; color: #000000; font-style: normal; font-variant-caps: normal; letter-spacing: normal;\">\n<\/p><p style=\"margin: 0cm; font-size: medium; font-family: 'Times New Roman', serif; caret-color: #000000; color: #000000; font-style: normal; font-variant-caps: normal; letter-spacing: normal; line-height: 20.4pt;\"><strong><span style=\"font-size: 9.5pt; font-family: Verdana, sans-serif;\">Szanowny Kliencie!<\/span><\/strong><\/p>\n<p style=\"margin: 0cm; font-size: medium; font-family: 'Times New Roman', serif; caret-color: #000000; color: #000000; font-style: normal; font-variant-caps: normal; letter-spacing: normal; line-height: 20.4pt;\"><strong><span style=\"font-size: 9.5pt; font-family: Verdana, sans-serif;\">Dzi\u0119kujemy, za odwiedzenie naszej witryny internetowej. W celu dostarczania Ci najlepszej jako\u015bci us\u0142ug na rynku, nasza strona pos\u0142uguje si\u0119 plikami cookies. Aby dowiedzie\u0107 si\u0119 wi\u0119cej, przeczytaj uwa\u017cnie informacje poni\u017cej.<\/span><\/strong><\/p>\n<p style=\"margin: 6pt 0cm; font-size: medium; font-family: 'Times New Roman', serif; caret-color: #000000; color: #000000; font-style: normal; font-variant-caps: normal; letter-spacing: normal; line-height: 20.4pt;\"><span style=\"font-size: 9.5pt; font-family: Verdana, sans-serif;\">Od dnia 25.5.2018 r. obowi\u0105zuje Rozporz\u0105dzenie Parlamentu Europejskiego i Rady (UE) 2016\/679 z dnia 27 kwietnia 2016 r. w sprawie ochrony os\u00f3b fizycznych w zwi\u0105zku z przetwarzaniem danych osobowych i w sprawie swobodnego przep\u0142ywu takich danych oraz uchylenia dyrektywy 95\/46\/WE (okre\u015blane jako \u201eRODO\u201d), chcemy Ci\u0119 poinformowa\u0107 o zasadach przetwarzania Twoich danych przez nasz\u0105 firm\u0119.<\/span><\/p>\n<p style=\"margin: 0cm; font-size: medium; font-family: 'Times New Roman', serif; caret-color: #000000; color: #000000; font-style: normal; font-variant-caps: normal; letter-spacing: normal; line-height: 20.4pt;\"><strong><span style=\"font-size: 9.5pt; font-family: Verdana, sans-serif;\">Rozdzia\u0142 1 Postanowienia og\u00f3lne<\/span><\/strong><span style=\"font-size: 9.5pt; font-family: Verdana, sans-serif;\">&nbsp;<\/span><\/p>\n<p>1. Polityka prywatno\u015bci reguluje kwestie przetwarzania danych osobowych uzyskiwanych przez Administratora poprzez formularze dost\u0119pne na stronie, oraz danych uzyskanych automatycznie za wiedz\u0105 u\u017cytkownika strony&nbsp;(tzw. ciasteczek i log\u00f3w serwera).<br>2. Witryna www.dyplomy-grawerowane.pl&nbsp;(zwana dalej &#8222;Us\u0142ugi Grawerskie&#8221;) prowadzona jest przez firm\u0119 &#8222;Us\u0142ugi Grawerskie Marek Boniecki&#8221;,&nbsp;zarejestrowan\u0105&nbsp;w Warszawie, przy ulicy Rokosowskiej 1, NIP: 526-162-19-79 (zwana dalej Administratorem).<br>3. Mo\u017cesz si\u0119 z nami skontaktowa\u0107 pisz\u0105c maila na adres zamowienia@petadresowka.pl&nbsp;<span style=\"font-family: 'Times New Roman', serif; font-size: medium; font-style: normal; font-variant-caps: normal;\">&nbsp;<\/span><span style=\"font-family: 'Times New Roman', serif; font-size: medium; font-style: normal; font-variant-caps: normal;\">lub dzwoni\u0105c pod numer 22 822-02-93.<\/span><\/p>\n<p style=\"margin: 0cm; font-size: medium; font-family: 'Times New Roman', serif; caret-color: #000000; color: #000000; font-style: normal; font-variant-caps: normal; letter-spacing: normal; line-height: 20.4pt;\">4. Administrator zbiera dane osobowe w zgodzie z Rozporz\u0105dzeniem Parlamentu Europejskiego i Rady (UE) 2016\/679 z dnia 27 kwietnia 2016 r. w sprawie ochrony os\u00f3b fizycznych w zwi\u0105zku z przetwarzaniem danych osobowych i w sprawie swobodnego przep\u0142ywu takich danych oraz uchylenia dyrektywy 95\/46\/WE (og\u00f3lne rozporz\u0105dzenie o ochronie danych) zwanego dalej RODO.&nbsp;<br>5. U\u017cytkownikiem strony www jest ka\u017cda odwiedzaj\u0105ca go osoba, niezale\u017cnie, czy korzysta z jego funkcjonalno\u015bci:&nbsp;<br>5.1. Mo\u017cliwo\u015bci z\u0142o\u017cenia zam\u00f3wienia.&nbsp;<br>5.2. Mo\u017cliwo\u015bci zobaczenia wykonanych prac grawerskich, opublikowanych w formie zdj\u0119\u0107.<br>6. Serwis realizuje funkcje pozyskiwania informacji o U\u017cytkownikach i ich zachowaniu w nast\u0119puj\u0105cy spos\u00f3b:<br>6.1. Poprzez dobrowolnie wprowadzone przez U\u017cytkownika informacje o sobie np wysy\u0142aj\u0105c&nbsp;wiadomo\u015b\u0107 e-mail&nbsp;z zapytaniem.<br>6.2. Automatycznie za wiedz\u0105 U\u017cytkownika, poprzez zapisane w urz\u0105dzeniach ko\u0144cowych pliki cookie (tzw. &#8222;ciasteczka&#8221;).<br>6.3. Poprzez gromadzenie log\u00f3w serwera www przez operatora hostingowego H88 S.A. z siedzib\u0105 w Poznaniu, Franklina Roosevelta 22, 60-829 Pozna\u0144, NIP: 7822622168, REGON: 364261632 dzia\u0142aj\u0105cego pod adresem hekko.pl.<\/p>\n<p style=\"margin: 0cm; font-size: medium; font-family: 'Times New Roman', serif; caret-color: #000000; color: #000000; font-style: normal; font-variant-caps: normal; letter-spacing: normal; line-height: 20.4pt;\"><span style=\"font-size: 9.5pt; font-family: Verdana, sans-serif;\">Rozdzia\u0142 2 Dane osobowe przekazane przez U\u017cytkownika<br>1.&nbsp;Administrator zbiera informacje podane dobrowolnie przez U\u017cytkownika.<br>2. Dane osobowe zebrane od U\u017cytkownik\u00f3w s\u0105 przetwarzane zgodnie z Art 32 RODO,a administrator zapewnia:<br>2.1. Szyfrowanie danych osobowych.<br>2.2. Przyj\u0119cia stosownych polityk wewn\u0119trznych maj\u0105cych na celu zapewnienie poufno\u015bci, integralno\u015bci, dost\u0119pno\u015bci, odporno\u015bci system\u00f3w, mo\u017cliwo\u015bci szybkiego przywr\u00f3cenia dost\u0119pno\u015bci danych osobowych.<br>2.3. Regularne testowanie, mierzenie i ocenianie skuteczno\u015bci \u015brodk\u00f3w technicznych i organizacyjnych.&nbsp;<br>2.4. Korzystanie wy\u0142\u0105cznie z Podmiot\u00f3w przetwarzaj\u0105cych, zapewniaj\u0105cych najwy\u017cszy poziom bezpiecze\u0144stwa i ochrony danych.<br>3. Podstaw\u0105 prawn\u0105 przetwarzania danych osobowych jest zgoda, \u015bwiadczenie us\u0142ugi oraz prawnie uzasadniony interes Administratora, polegaj\u0105cy na zabezpieczeniu dowod\u00f3w na potrzeby ewentualnych roszcze\u0144.<br>4. U\u017cytkownik strony&nbsp;www.petadresowka.pl ma prawo do: wgl\u0105du w swoje dane osobowe, prawo do ich sprostowania, ograniczenia przetwarzania, usuni\u0119cia, zg\u0142oszenia sprzeciwu do ich przetwarzania lub przeniesienia do innego Administratora. Maj\u0105 Pa\u0144stwo prawo cofn\u0105\u0107 zgod\u0119 na przetwarzanie danych osobowych, bez wp\u0142ywu na zgodno\u015b\u0107 z prawem przetwarzania, kt\u00f3rego dokonano na podstawie zgody przed jej cofni\u0119ciem.<br>5. W celu skorzystania z uprawnie\u0144 wynikaj\u0105cych z pkt 5, osoba, kt\u00f3rej dane osobowe s\u0105 przetwarzane, zobowi\u0105zana jest wys\u0142a\u0107 swoj\u0105 pro\u015bb\u0119 w formie pisemnej na adres mailowy lub korespondencyjny Administratora.&nbsp;<br>6. W przypadku zg\u0142oszenia sprzeciwu, wniosek o kt\u00f3rym jest mowa w pkt. 6, powinien dodatkowo zawiera\u0107 uzasadnienie.&nbsp;<br>7. Administrator zastrzega sobie prawo do weryfikowania to\u017csamo\u015bci os\u00f3b, kt\u00f3rych wnioski ma rozpatrzy\u0107.<br>8. Administrator ma 30 dni na ustosunkowanie si\u0119 do pro\u015bby. Jednocze\u015bnie Administrator zastrzega sobie prawo odmowy usuni\u0119cia danych, je\u015bli narazi go to na konsekwencje karne lub finansowe (np. w przypadku przetwarzania danych w celach ksi\u0119gowych) lub dane s\u0105 mu niezb\u0119dne do dalszej realizacji us\u0142ugi lub realizacji obowi\u0105zku prawnego ci\u0105\u017c\u0105cego na Operatorze, np. prawa Kupuj\u0105cego do r\u0119kojmi.<br>9. Dane osobowe udost\u0119pnione przez U\u017cytkownika s\u0105 przekazywane podmiotom trzecim, w celu realizacji (na rzecz Operatora) us\u0142ug technicznych i marketingowych, kt\u00f3re maj\u0105 na celu zapewnienie ci\u0105g\u0142o\u015bci dzia\u0142ania firmy&nbsp;lub realizacj\u0119 us\u0142ug \u015bwiadczonych w ramach us\u0142ug, np. utrzymania serwisu internetowego, korzystania z poczty email, \u015bwiadczenia us\u0142ug ksi\u0119gowych i transportowych.<\/span><\/p>\n<p style=\"margin: 0cm; font-size: medium; font-family: 'Times New Roman', serif; caret-color: #000000; color: #000000; font-style: normal; font-variant-caps: normal; letter-spacing: normal; line-height: 20.4pt;\"><span style=\"font-size: 9.5pt; font-family: Verdana, sans-serif;\">Rozdzia\u0142 3 Informacje o plikach cookies<br>1. Strona&nbsp;korzysta z plik\u00f3w cookies.<br>2. Pliki cookies stanowi\u0105 dane informatyczne, w szczeg\u00f3lno\u015bci pliki tekstowe, kt\u00f3re gromadzone s\u0105 u Pa\u0144stwa na komputerze, urz\u0105dzeniu przeno\u015bnym podczas przegl\u0105dania naszej strony internetowej. Cookies zazwyczaj zawieraj\u0105 nazw\u0119 strony internetowej, z kt\u00f3rej pochodz\u0105, czas przechowywania ich na urz\u0105dzeniu ko\u0144cowym oraz unikalny numer.<br>3. Podmiotem przetwarzaj\u0105cym dane zgromadzone dzi\u0119ki plikom cookies, jest Administrator witryny.&nbsp;<br>4. Pliki cookies wykorzystywane s\u0105 w nast\u0119puj\u0105cych celach:<br>4.1. Tworzenia anonimowych statystyk, kt\u00f3re pomagaj\u0105 zrozumie\u0107, w jaki spos\u00f3b U\u017cytkownicy Serwisu korzystaj\u0105 ze stron internetowych, np. jak\u0105 stron\u0119 odwiedzaj\u0105 najcz\u0119\u015bciej, ile czasu \u015brednio przebywaj\u0105 na stronie itp..<br>4.2. Utrzymanie sesji U\u017cytkownika Serwisu (po zalogowaniu), dzi\u0119ki kt\u00f3rej U\u017cytkownik nie musi na ka\u017cdej podstronie Serwisu ponownie wpisywa\u0107 loginu i has\u0142a.<br>4.3. \u015aledzenia aktywno\u015bci U\u017cytkownika w Serwisie w celu lepszego dopasowania tre\u015bci reklamowych, poprzez np. ograniczenie wysy\u0142ania reklam do U\u017cytkownika, kt\u00f3ry w ci\u0105gu ostatnich 30 dni odwiedzi\u0142 Serwis lub wysy\u0142anie reklam do U\u017cytkownika, kt\u00f3ry nie doko\u0144czy\u0142 zakup\u00f3w.<br>5. Administrator przekazanych przez Klienta danych (oraz danych uzyskanych w spos\u00f3b automatyczny), nie wykorzystuje do oceny niekt\u00f3rych czynnik\u00f3w, w szczeg\u00f3lno\u015bci do analizy sytuacji ekonomicznej Klienta, jego zdrowia, osobistych preferencji, zainteresowa\u0144, wiarygodno\u015bci, zachowania, lokalizacji lub przemieszczania si\u0119.<br>6. W ramach Serwisu stosowane s\u0105 dwa plik\u00f3w cookies:<br>6.1. Cookie tymczasowe (session cookies) &#8211; cookie umieszczone na czas korzystania z przegl\u0105darki (sesji), zostaje wykasowane po jej zamkni\u0119ciu,<br>6.2. Cookie sta\u0142e (persistent cookie) &#8211; nie jest kasowane po zamkni\u0119ciu przegl\u0105darki i pozostaje w urz\u0105dzeniu U\u017cytkownika na okre\u015blony czas lub bez okresu wa\u017cno\u015bci w zale\u017cno\u015bci od ustawie\u0144 W\u0142a\u015bciciela Witryny lub do czasu ich r\u0119cznego usuni\u0119cia przez U\u017cytkownika.<br>7. Oprogramowanie do przegl\u0105dania stron internetowych (przegl\u0105darka internetowa) zazwyczaj domy\u015blnie dopuszcza przechowywanie plik\u00f3w cookies w urz\u0105dzeniu ko\u0144cowym U\u017cytkownika. U\u017cytkownicy Serwisu mog\u0105 dokona\u0107 zmiany ustawie\u0144 w tym zakresie. Przegl\u0105darka internetowa umo\u017cliwia usuni\u0119cie plik\u00f3w cookies. Mo\u017cliwe jest tak\u017ce automatyczne blokowanie plik\u00f3w cookies Szczeg\u00f3\u0142owe informacje na ten temat zawiera pomoc lub dokumentacja przegl\u0105darki internetowej.<br>8. Pliki cookies zamieszczane na komputerze U\u017cytkownika Serwisu, s\u0105 udost\u0119pniane podmiotom \u015bwiadcz\u0105cym us\u0142ugi analityczne i przetwarzane za pomoc\u0105 Google Analytics.<br>9. Pliki cookies mog\u0105 by\u0107 wykorzystane przez sieci reklamowe, w szczeg\u00f3lno\u015bci sie\u0107 Google, do wy\u015bwietlenia reklam dopasowanych do sposobu, w jaki u\u017cytkownik korzysta z Serwisu.<br>10. W zakresie informacji o preferencjach u\u017cytkownika gromadzonych przez sie\u0107 reklamow\u0105 Google u\u017cytkownik mo\u017ce przegl\u0105da\u0107 i edytowa\u0107 informacje wynikaj\u0105ce z plik\u00f3w cookies przy pomocy narz\u0119dzia: https:\/\/www.google.com\/ads\/preferences\/.<\/span><\/p>\n<p style=\"margin: 0cm; font-size: medium; font-family: 'Times New Roman', serif; caret-color: #000000; color: #000000; font-style: normal; font-variant-caps: normal; letter-spacing: normal; line-height: 20.4pt;\"><span style=\"font-size: 9.5pt; font-family: Verdana, sans-serif;\">Rozdzia\u0142 4 Informacje o danych zbieranych automatycznie przez serwer<br>1. Informacje o niekt\u00f3rych zachowaniach U\u017cytkownik\u00f3w podlegaj\u0105 logowaniu w warstwie serwerowej. Dane te s\u0105 wykorzystywane wy\u0142\u0105cznie w celu administrowania serwisem oraz w celu zapewnienia jak najbardziej sprawnej obs\u0142ugi \u015bwiadczonych us\u0142ug hostingowych.<br>2. Dane te mog\u0105 zawiera\u0107 min.:<br>2.1. Czas wej\u015bcia na stron\u0119 oraz przegl\u0105dania jej.<br>2.2. Informacj\u0119 o b\u0142\u0119dach jakie nast\u0105pi\u0142y podczas przegl\u0105dania Serwisu.<br>2.3. Adres URL sk\u0105d nast\u0105pi\u0142o przekierowanie do Serwisu (je\u015bli wej\u015bcie by\u0142o zrealizowane przy u\u017cyciu tzw \u201clinka\u201d).<br>2.4. Informacj\u0119 o nazwie przegl\u0105darki, kt\u00f3rej korzystasz.<br>2.5. Informacj\u0119 o Twoim adresie IP, dzi\u0119ki czemu mo\u017cemy dowiedzie\u0107 si\u0119 sk\u0105d jeste\u015b (Pa\u0144stwo, region, miasto, stacja bazowa).<br>3. Dane powy\u017csze nie s\u0105 kojarzone z konkretnymi osobami przegl\u0105daj\u0105cymi strony.<br>4. Dane powy\u017csze s\u0105 wykorzystywane jedynie dla cel\u00f3w administrowania serwerem.<\/span><\/p>\n<p style=\"margin: 0cm; font-size: medium; font-family: 'Times New Roman', serif; caret-color: #000000; color: #000000; font-style: normal; font-variant-caps: normal; letter-spacing: normal; line-height: 20.4pt;\"><span style=\"font-size: 9.5pt; font-family: Verdana, sans-serif;\">Rozdzia\u0142 5 Informacje ko\u0144cowe i prawne<br>1. Niniejsza Polityka Prywatno\u015bci obowi\u0105zuje od chwili zamieszczenia na naszej stronie internetowej.<br>2. Operator serwisu zastrzega sobie prawo do zmiany Polityki Prywatno\u015bci, poprzez og\u0142oszenie zmian na stronie Serwisu oraz wys\u0142anie informacji mailowej do zarejestrowanych U\u017cytkownik\u00f3w Strony.<br>3. Zarejestrowani U\u017cytkownicy Strony maj\u0105 prawo do wniesienia sprzeciwu wobec zmiany Polityki Prywatno\u015bci, poprzez wys\u0142anie emaila na adres Administratora w przeci\u0105gu 14 dni od chwili otrzymania powiadomienia o zmianie.<br>4. Skorzystanie z prawa, o kt\u00f3rym jest mowa w punkcie 3, skutkowa\u0107 b\u0119dzie zaprzestaniem przetwarzania danych osobowych uzyskanych przez Administratora w zakresie potrzebnym do korzystania z funkcjonalno\u015bci serwisu i tym samym spowoduje usuni\u0119cie konta U\u017cytkownika Serwisu, kt\u00f3ry wni\u00f3s\u0142 sprzeciw.<br>5. Operator mo\u017ce mie\u0107 obowi\u0105zek udzielania informacji zebranych przez Serwis upowa\u017cnionym organom na podstawie zgodnych z prawem \u017c\u0105da\u0144 w zakresie wynikaj\u0105cym z \u017c\u0105dania.&nbsp;<br>6. W przypadku, gdy uznaj\u0105 Pa\u0144stwo, \u017ce ich dane osobowe s\u0105 przetwarzane z naruszeniem przepis\u00f3w Rozporz\u0105dzenia Parlamentu Europejskiego I Rady (UE) 2016\/679 z dnia 27 kwietnia 2016 r. w sprawie ochrony os\u00f3b fizycznych w zwi\u0105zku z przetwarzaniem danych osobowych i w sprawie swobodnego przep\u0142ywu takich danych oraz uchylenia dyrektywy 95\/46\/WE maj\u0105 Pa\u0144stwo prawo do wniesienia skargi do Prezesa Urz\u0119du Ochrony Danych Osobowych.<\/span><\/p>\n<p style=\"margin: 0cm; font-size: medium; font-family: 'Times New Roman', serif; caret-color: #000000; color: #000000; font-style: normal; font-variant-caps: normal; letter-spacing: normal; line-height: 20.4pt;\"><strong><span style=\"font-size: 9.5pt; font-family: Verdana, sans-serif;\">Wybierz opcj\u0119 \u201eRozumiem\u201d, je\u017celi chcesz korzysta\u0107 z naszej strony internetowej i wyra\u017casz zgod\u0119 na przetwarzanie przez Us\u0142ugi Grawerskie Twoich danych osobowych (r\u00f3wnie\u017c w tzw. plikach cookies). Wyra\u017cenie zgody jest dobrowolne. Przypominamy i\u017c masz prawo j\u0105 wycofa\u0107 w dowolnym momencie poprzez przes\u0142anie do nas stosownej informacji na adres e-mail: zamowienia@petadres\u00f3wka.pl.<\/span><\/strong><\/p>\t\t\t\t\t\t<\/div>\n\t\t\t\t<\/div>\n\t\t\t\t\t<\/div>\n\t\t<\/div>\n\t\t\t\t\t\t\t<\/div>\n\t\t<\/section>\n\t\t\t\t\t\t\t<\/div>\n\t\t","protected":false},"excerpt":{"rendered":"<p>Polityka prywatno\u015bci Szanowny Kliencie! Dzi\u0119kujemy, za odwiedzenie naszej witryny internetowej. W celu dostarczania Ci najlepszej jako\u015bci us\u0142ug na rynku, nasza strona pos\u0142uguje si\u0119 plikami cookies. Aby dowiedzie\u0107 si\u0119 wi\u0119cej, przeczytaj uwa\u017cnie informacje poni\u017cej. Od dnia 25.5.2018 r. obowi\u0105zuje Rozporz\u0105dzenie Parlamentu Europejskiego i Rady (UE) 2016\/679 z dnia 27 kwietnia 2016 r. w sprawie ochrony os\u00f3b [&hellip;]<\/p>\n","protected":false},"author":1,"featured_media":0,"parent":0,"menu_order":0,"comment_status":"closed","ping_status":"closed","template":"","meta":{"ocean_post_layout":"","ocean_both_sidebars_style":"","ocean_both_sidebars_content_width":0,"ocean_both_sidebars_sidebars_width":0,"ocean_sidebar":"0","ocean_second_sidebar":"0","ocean_disable_margins":"enable","ocean_add_body_class":"","ocean_shortcode_before_top_bar":"","ocean_shortcode_after_top_bar":"","ocean_shortcode_before_header":"","ocean_shortcode_after_header":"","ocean_has_shortcode":"","ocean_shortcode_after_title":"","ocean_shortcode_before_footer_widgets":"","ocean_shortcode_after_footer_widgets":"","ocean_shortcode_before_footer_bottom":"","ocean_shortcode_after_footer_bottom":"","ocean_display_top_bar":"default","ocean_display_header":"default","ocean_header_style":"","ocean_center_header_left_menu":"0","ocean_custom_header_template":"0","ocean_custom_logo":0,"ocean_custom_retina_logo":0,"ocean_custom_logo_max_width":0,"ocean_custom_logo_tablet_max_width":0,"ocean_custom_logo_mobile_max_width":0,"ocean_custom_logo_max_height":0,"ocean_custom_logo_tablet_max_height":0,"ocean_custom_logo_mobile_max_height":0,"ocean_header_custom_menu":"0","ocean_menu_typo_font_family":"0","ocean_menu_typo_font_subset":"","ocean_menu_typo_font_size":0,"ocean_menu_typo_font_size_tablet":0,"ocean_menu_typo_font_size_mobile":0,"ocean_menu_typo_font_size_unit":"px","ocean_menu_typo_font_weight":"","ocean_menu_typo_font_weight_tablet":"","ocean_menu_typo_font_weight_mobile":"","ocean_menu_typo_transform":"","ocean_menu_typo_transform_tablet":"","ocean_menu_typo_transform_mobile":"","ocean_menu_typo_line_height":0,"ocean_menu_typo_line_height_tablet":0,"ocean_menu_typo_line_height_mobile":0,"ocean_menu_typo_line_height_unit":"","ocean_menu_typo_spacing":0,"ocean_menu_typo_spacing_tablet":0,"ocean_menu_typo_spacing_mobile":0,"ocean_menu_typo_spacing_unit":"","ocean_menu_link_color":"","ocean_menu_link_color_hover":"","ocean_menu_link_color_active":"","ocean_menu_link_background":"","ocean_menu_link_hover_background":"","ocean_menu_link_active_background":"","ocean_menu_social_links_bg":"","ocean_menu_social_hover_links_bg":"","ocean_menu_social_links_color":"","ocean_menu_social_hover_links_color":"","ocean_disable_title":"default","ocean_disable_heading":"default","ocean_post_title":"","ocean_post_subheading":"","ocean_post_title_style":"","ocean_post_title_background_color":"","ocean_post_title_background":0,"ocean_post_title_bg_image_position":"","ocean_post_title_bg_image_attachment":"","ocean_post_title_bg_image_repeat":"","ocean_post_title_bg_image_size":"","ocean_post_title_height":0,"ocean_post_title_bg_overlay":0.5,"ocean_post_title_bg_overlay_color":"","ocean_disable_breadcrumbs":"default","ocean_breadcrumbs_color":"","ocean_breadcrumbs_separator_color":"","ocean_breadcrumbs_links_color":"","ocean_breadcrumbs_links_hover_color":"","ocean_display_footer_widgets":"default","ocean_display_footer_bottom":"default","ocean_custom_footer_template":"0","footnotes":""},"class_list":["post-911","page","type-page","status-publish","hentry","entry"],"amp_enabled":true,"_links":{"self":[{"href":"https:\/\/ola.grawerstwo.pl\/index.php\/wp-json\/wp\/v2\/pages\/911","targetHints":{"allow":["GET"]}}],"collection":[{"href":"https:\/\/ola.grawerstwo.pl\/index.php\/wp-json\/wp\/v2\/pages"}],"about":[{"href":"https:\/\/ola.grawerstwo.pl\/index.php\/wp-json\/wp\/v2\/types\/page"}],"author":[{"embeddable":true,"href":"https:\/\/ola.grawerstwo.pl\/index.php\/wp-json\/wp\/v2\/users\/1"}],"replies":[{"embeddable":true,"href":"https:\/\/ola.grawerstwo.pl\/index.php\/wp-json\/wp\/v2\/comments?post=911"}],"version-history":[{"count":19,"href":"https:\/\/ola.grawerstwo.pl\/index.php\/wp-json\/wp\/v2\/pages\/911\/revisions"}],"predecessor-version":[{"id":1732,"href":"https:\/\/ola.grawerstwo.pl\/index.php\/wp-json\/wp\/v2\/pages\/911\/revisions\/1732"}],"wp:attachment":[{"href":"https:\/\/ola.grawerstwo.pl\/index.php\/wp-json\/wp\/v2\/media?parent=911"}],"curies":[{"name":"wp","href":"https:\/\/api.w.org\/{rel}","templated":true}]}}